{"id":16,"date":"2018-05-04T08:19:09","date_gmt":"2018-05-04T08:19:09","guid":{"rendered":"http:\/\/campuschicas.informatica.uma.es\/?page_id=16"},"modified":"2026-04-26T18:12:54","modified_gmt":"2026-04-26T18:12:54","slug":"home","status":"publish","type":"page","link":"https:\/\/campuschicas.informatica.uma.es\/","title":{"rendered":"Campus Tech Chicas UMA- Inform\u00e1tica &#8211; GRATUITO"},"content":{"rendered":"<p>Para aquellas que ten\u00e9is<span style=\"color: #ff6600;\"> curiosidad por la tecnolog\u00eda<\/span>, y quer\u00e9is conocer qu\u00e9 os puede deparar el <span style=\"color: #ff6600;\">futuro<\/span>, este campus es el sitio para vosotras. Aqu\u00ed compartir\u00e9is experiencias y\u00a0 desarrollar\u00e9is un <span style=\"color: #ff6600;\">proyecto tecnol\u00f3gico<\/span> usando metodolog\u00edas, herramientas y tecnolog\u00edas que os dar\u00e1 una idea de c\u00f3mo trabaja una Ingeniera Inform\u00e1tica. Seguro que os sorprende: el trabajo en equipo y la <span style=\"color: #ff6600;\">idea de comunidad<\/span> son esenciales.<\/p>\n<h3><strong>Puedes descargarte nuestro p\u00f3ster <a href=\"https:\/\/drive.google.com\/file\/d\/1wCw2M4JMq2VT1XSO4HMulNLcsw78-iCW\/view?usp=sharing\" target=\"_blank\" rel=\"noopener\">aqu\u00ed<\/a>.<\/strong><\/h3>\n<h1>Objetivos del Campus<\/h1>\n<p>El Campus Tech Chicas UMA consiste en una serie de actividades formativas dirigidas a <span style=\"color: #ff6600;\">chicas de la ESO<\/span>, quienes abordar\u00e1n un<span style=\"color: #ff6600;\"> proyecto tecnol\u00f3gico<\/span>. <a href=\"https:\/\/youtu.be\/RyAj03V3WFw\" target=\"_blank\" rel=\"noopener\">Aqu\u00ed puedes ver un v\u00eddeo con algunas de las actividades de campus anteriores<\/a>.\u00a0<\/p>\n<p>El objetivo principal del Campus de Inform\u00e1tica es el de conseguir <span style=\"color: #ff6600;\">aumentar el n\u00famero de vocaciones en estudios de Inform\u00e1tica<\/span>, especialmente entre chicas j\u00f3venes, con el objetivo adicional de cambiar la\u00a0percepci\u00f3n de la inform\u00e1tica y desechar estereotipos.<\/p>\n<h1>Formato y Calendario<\/h1>\n<p>Este a\u00f1o el Campus de Inform\u00e1tica se organizar\u00e1, siempre que las autoridades sanitarias y educativas lo permitan, en sesiones presenciales\u00a0<span style=\"color: #ff6600;\"> del 29 de junio al 10 de julio, de lunes a viernes de 9:30 a 13:30<\/span>. En estas sesiones presenciales se llevar\u00e1n a cabo actividades de formaci\u00f3n a trav\u00e9s de talleres, combinadas con otras actividades de presentaci\u00f3n de mujeres profesionales j\u00f3venes que trabajan en empresa, que contar\u00e1n su experiencia y ayudar\u00e1n a dar visibilidad y demostrar que hay mujeres trabajando en \u00e1mbitos tecnol\u00f3gicos.<\/p>\n<p>Se buscar\u00e1 una estrategia de trabajo basada en la elaboraci\u00f3n de proyectos definidos por las propias chicas, utilizando <span style=\"color: #ff6600;\">metodolog\u00edas \u00e1giles<\/span> as\u00ed como <span style=\"color: #ff6600;\">herramientas de colaboraci\u00f3n de c\u00f3digo abierto<\/span>.<\/p>\n<p>El Campus ser\u00e1\u00a0<span style=\"color: #ff6600;\"> <strong>GRATUITO<\/strong><\/span> y ofertar\u00e1 30 plazas. Tendr\u00e1 lugar en los laboratorios de la <a href=\"https:\/\/www.uma.es\/etsi-informatica\/\" target=\"_blank\" rel=\"noopener\"><span style=\"color: #ff6600;\">ETSI Inform\u00e1tica<\/span><\/a> de la UMA. <del><\/del><del><\/del><\/p>\n<p>Fechas importantes:<\/p>\n<ul>\n<li><strong>Plazo pre-inscripci\u00f3n: 15 de mayo al 5 de junio<\/strong>. Es importante leer las instrucciones del formulario y acceder a \u00e9l con una cuenta de correo de Gmail.<\/li>\n<li>Publicaci\u00f3n admitidas: 15 de junio. Las admitidas recibir\u00e1n un correo con las instrucciones de inscripci\u00f3n.<\/li>\n<li>Finaliza plazo de inscripci\u00f3n de admitidas: 22 de junio<strong>.<\/strong><\/li>\n<li>Celebraci\u00f3n Campus: 29 junio al 10 de julio<strong>.<\/strong><\/li>\n<\/ul>\n<h1>Desterremos mitos<\/h1>\n<p>La <strong>Ingenier\u00eda Inform\u00e1tica<\/strong> es una disciplina que nos proporciona los conocimientos, capacidades y destrezas para desarrollar las tecnolog\u00edas del futuro, las denominadas Tecnolog\u00edas de la Informaci\u00f3n (TI). Las mujeres tenemos que estar preparadas para participar en ese futuro, para <span style=\"color: #ff6600;\">decidir c\u00f3mo queremos que sea nuestra sociedad<\/span>.<\/p>\n<p>Desterremos falsos mitos:<\/p>\n<ul>\n<li><em>Es s\u00f3lo cosas de hombres.<\/em> No es as\u00ed, nosotras tenemos las mismas capacidades para trabajar con la tecnolog\u00eda. Es fundamental <span style=\"color: #ff6600;\">trabajar en equipo<\/span>, ser proactivas y <span style=\"color: #ff6600;\">saber comunicar<\/span>.<\/li>\n<li><em>Es abstracta y dif\u00edcil<\/em>. Al contrario, en esta disciplina es esencial la <span style=\"color: #ff6600;\">creatividad<\/span>. Adem\u00e1s, los porcentajes de aprobados en Inform\u00e1tica son similares a los del conjunto de las ingenier\u00edas.<\/li>\n<li><em>S\u00f3lo interesa a hackers o frikis<\/em>. Para nada. Es una disciplina con <span style=\"color: #ff6600;\">c\u00f3digos \u00e9ticos<\/span> y es transversal. Se aplica a todo y por ello requiere profesionales con visi\u00f3n y perspectiva amplias. Cada vez m\u00e1s, las empresas necesitan profesionales TI con <span style=\"color: #ff6600;\">enfoque hacia las personas<\/span>.<\/li>\n<li><em>Es una profesi\u00f3n dura<\/em>. Muchos estudios demuestran que entre los principales perfiles profesionales, las TI ocupan\u00a0 las\u00a0 primeras posiciones en cuanto a <span style=\"color: #ff6600;\">mejores condiciones laborales<\/span>, se\u00f1alando que, en promedio, el entorno de trabajo es bueno o muy bueno y el nivel de estr\u00e9s bajo o muy bajo.<\/li>\n<\/ul>\n<h1>Equipo<\/h1>\n<p>La <span style=\"color: #ff6600;\">coordinadora<\/span> del proyecto es M\u00aa Angeles Gonz\u00e1lez -Catedr\u00e1tica de Universidad del departamento de Arquitectura de Computadores-, y las <span style=\"color: #ff6600;\">organizadoras<\/span> son Sonia Gonz\u00e1lez &#8211; Titular de Universidad del departamento de Arquitectura de Computadores &#8211; <span class=\"s1\">Isabel Lipin Fr\u00edas Castillo<\/span>, Estrella Dom\u00ednguez -estudiantes del Grado en Ingenier\u00eda Inform\u00e1tica-, Daniela Su\u00e1rez Morales &#8211; estudiante del Grado en Ingenier\u00eda del Software-, Sara Gim\u00e9nez G\u00f3mez- estudiante del Grado en Ingenier\u00eda de la Salud-.<\/p>\n<h1>Patrocinadores y Colaboradores<\/h1>\n<p>Este Campus Tech Chicas UMA &#8211; Inform\u00e1tica 2026 <span style=\"color: #ff6600;\"><span style=\"color: #000000;\">est\u00e1<\/span> organizado<\/span> por la <a href=\"https:\/\/www.uma.es\/etsi-informatica\/\" target=\"_blank\" rel=\"noopener\">ETSI Inform\u00e1tica<\/a> de la <a href=\"https:\/\/www.uma.es\/\" target=\"_blank\" rel=\"noopener\">UMA<\/a>, y cuenta con el <span style=\"color: #ff6600;\">apoyo<\/span> del <a href=\"http:\/\/www.ac.uma.es\/\" target=\"_blank\" rel=\"noopener\">Departamento de Arquitecura de Computadores<\/a>\u00a0 y el <a href=\"https:\/\/www.uma.es\/unidad-de-igualdad\/info\/102700\/evaluacion-planes-de-igualdad\/\" target=\"_blank\" rel=\"noopener\"><strong>Seminario de Coeducaci\u00f3n de la UMA<\/strong><\/a>. Adem\u00e1s cuenta con el <span style=\"color: #ff6600;\">patrocinio<\/span> del <a href=\"https:\/\/www.uma.es\/vicerrectorado-de-igualdad-y-politica-social\/\" target=\"_blank\" rel=\"noopener\">Vicerrectorado de Igualdad, Pol\u00edtica Social y Bienestar Universitario de la UMA<\/a> y la <a href=\"https:\/\/www.catedralamarr.uma.es\/\" target=\"_blank\" rel=\"noopener\">C\u00e1tedra Hedy Lamarr.<\/a><\/p>\n\n\n<p><\/p>\n","protected":false},"excerpt":{"rendered":"<p>Para aquellas que ten\u00e9is curiosidad por la tecnolog\u00eda, y quer\u00e9is conocer qu\u00e9 os puede deparar el futuro, este campus es el sitio para vosotras. Aqu\u00ed compartir\u00e9is experiencias y\u00a0 desarrollar\u00e9is un [&hellip;]<\/p>\n","protected":false},"author":1,"featured_media":318,"parent":0,"menu_order":0,"comment_status":"closed","ping_status":"closed","template":"","meta":{"spay_email":"","footnotes":""},"class_list":["post-16","page","type-page","status-publish","has-post-thumbnail","hentry"],"jetpack_sharing_enabled":true,"jetpack_shortlink":"https:\/\/wp.me\/P9VOc9-g","jetpack_likes_enabled":true,"_links":{"self":[{"href":"https:\/\/campuschicas.informatica.uma.es\/index.php?rest_route=\/wp\/v2\/pages\/16","targetHints":{"allow":["GET"]}}],"collection":[{"href":"https:\/\/campuschicas.informatica.uma.es\/index.php?rest_route=\/wp\/v2\/pages"}],"about":[{"href":"https:\/\/campuschicas.informatica.uma.es\/index.php?rest_route=\/wp\/v2\/types\/page"}],"author":[{"embeddable":true,"href":"https:\/\/campuschicas.informatica.uma.es\/index.php?rest_route=\/wp\/v2\/users\/1"}],"replies":[{"embeddable":true,"href":"https:\/\/campuschicas.informatica.uma.es\/index.php?rest_route=%2Fwp%2Fv2%2Fcomments&post=16"}],"version-history":[{"count":198,"href":"https:\/\/campuschicas.informatica.uma.es\/index.php?rest_route=\/wp\/v2\/pages\/16\/revisions"}],"predecessor-version":[{"id":1197,"href":"https:\/\/campuschicas.informatica.uma.es\/index.php?rest_route=\/wp\/v2\/pages\/16\/revisions\/1197"}],"wp:featuredmedia":[{"embeddable":true,"href":"https:\/\/campuschicas.informatica.uma.es\/index.php?rest_route=\/wp\/v2\/media\/318"}],"wp:attachment":[{"href":"https:\/\/campuschicas.informatica.uma.es\/index.php?rest_route=%2Fwp%2Fv2%2Fmedia&parent=16"}],"curies":[{"name":"wp","href":"https:\/\/api.w.org\/{rel}","templated":true}]}}